{"id":3273,"date":"2025-04-06T21:02:09","date_gmt":"2025-04-06T21:02:09","guid":{"rendered":"https:\/\/superette-dz.com\/?post_type=product&#038;p=3273"},"modified":"2026-02-19T12:36:00","modified_gmt":"2026-02-19T12:36:00","slug":"eau-aromatisee-a-la-fleur-doranger-la-zeina-75cl","status":"publish","type":"product","link":"https:\/\/superette-dz.com\/ar\/product\/eau-aromatisee-a-la-fleur-doranger-la-zeina-75cl\/","title":{"rendered":"Eau Ar\u00f4matis\u00e9e-\u00e0 la Fleur D\u2019oranger-La Zeina 75cl"},"content":{"rendered":"","protected":false},"excerpt":{"rendered":"","protected":false},"featured_media":3274,"comment_status":"open","ping_status":"closed","template":"","meta":[],"product_brand":[],"product_cat":[116,148],"product_tag":[],"class_list":{"0":"post-3273","1":"product","2":"type-product","3":"status-publish","4":"has-post-thumbnail","6":"product_cat-conserves-conditionnes","7":"product_cat-tomates-et-sauces","9":"first","10":"outofstock","11":"shipping-taxable","12":"purchasable","13":"product-type-simple"},"jetpack_sharing_enabled":true,"_links":{"self":[{"href":"https:\/\/superette-dz.com\/ar\/wp-json\/wp\/v2\/product\/3273","targetHints":{"allow":["GET"]}}],"collection":[{"href":"https:\/\/superette-dz.com\/ar\/wp-json\/wp\/v2\/product"}],"about":[{"href":"https:\/\/superette-dz.com\/ar\/wp-json\/wp\/v2\/types\/product"}],"replies":[{"embeddable":true,"href":"https:\/\/superette-dz.com\/ar\/wp-json\/wp\/v2\/comments?post=3273"}],"wp:featuredmedia":[{"embeddable":true,"href":"https:\/\/superette-dz.com\/ar\/wp-json\/wp\/v2\/media\/3274"}],"wp:attachment":[{"href":"https:\/\/superette-dz.com\/ar\/wp-json\/wp\/v2\/media?parent=3273"}],"wp:term":[{"taxonomy":"product_brand","embeddable":true,"href":"https:\/\/superette-dz.com\/ar\/wp-json\/wp\/v2\/product_brand?post=3273"},{"taxonomy":"product_cat","embeddable":true,"href":"https:\/\/superette-dz.com\/ar\/wp-json\/wp\/v2\/product_cat?post=3273"},{"taxonomy":"product_tag","embeddable":true,"href":"https:\/\/superette-dz.com\/ar\/wp-json\/wp\/v2\/product_tag?post=3273"}],"curies":[{"name":"wp","href":"https:\/\/api.w.org\/{rel}","templated":true}]}}