{"id":4678,"date":"2026-02-20T20:21:08","date_gmt":"2026-02-20T20:21:08","guid":{"rendered":"https:\/\/superette-dz.com\/product\/specialite-fromagere-en-portion-la-vache-qui-rit-loriginal-8pcs\/"},"modified":"2026-02-20T20:21:08","modified_gmt":"2026-02-20T20:21:08","slug":"specialite-fromagere-en-portion-la-vache-qui-rit-loriginal-8pcs","status":"publish","type":"product","link":"https:\/\/superette-dz.com\/ar\/product\/specialite-fromagere-en-portion-la-vache-qui-rit-loriginal-8pcs\/","title":{"rendered":"Sp\u00e9cialit\u00e9 Fromag\u00e8re en portion La Vache qui Rit \u2013 l\u2019Original \u2013 8pcs"},"content":{"rendered":"","protected":false},"excerpt":{"rendered":"","protected":false},"featured_media":4677,"comment_status":"open","ping_status":"closed","template":"","meta":[],"product_brand":[],"product_cat":[153],"product_tag":[],"class_list":{"0":"post-4678","1":"product","2":"type-product","3":"status-publish","4":"has-post-thumbnail","6":"product_cat-fromages","8":"first","9":"outofstock","10":"shipping-taxable","11":"purchasable","12":"product-type-simple"},"jetpack_sharing_enabled":true,"_links":{"self":[{"href":"https:\/\/superette-dz.com\/ar\/wp-json\/wp\/v2\/product\/4678","targetHints":{"allow":["GET"]}}],"collection":[{"href":"https:\/\/superette-dz.com\/ar\/wp-json\/wp\/v2\/product"}],"about":[{"href":"https:\/\/superette-dz.com\/ar\/wp-json\/wp\/v2\/types\/product"}],"replies":[{"embeddable":true,"href":"https:\/\/superette-dz.com\/ar\/wp-json\/wp\/v2\/comments?post=4678"}],"wp:featuredmedia":[{"embeddable":true,"href":"https:\/\/superette-dz.com\/ar\/wp-json\/wp\/v2\/media\/4677"}],"wp:attachment":[{"href":"https:\/\/superette-dz.com\/ar\/wp-json\/wp\/v2\/media?parent=4678"}],"wp:term":[{"taxonomy":"product_brand","embeddable":true,"href":"https:\/\/superette-dz.com\/ar\/wp-json\/wp\/v2\/product_brand?post=4678"},{"taxonomy":"product_cat","embeddable":true,"href":"https:\/\/superette-dz.com\/ar\/wp-json\/wp\/v2\/product_cat?post=4678"},{"taxonomy":"product_tag","embeddable":true,"href":"https:\/\/superette-dz.com\/ar\/wp-json\/wp\/v2\/product_tag?post=4678"}],"curies":[{"name":"wp","href":"https:\/\/api.w.org\/{rel}","templated":true}]}}