{"id":4702,"date":"2026-02-20T20:21:11","date_gmt":"2026-02-20T20:21:11","guid":{"rendered":"https:\/\/superette-dz.com\/product\/barre-de-specialite-fromagere-el-moutamayez-14kg\/"},"modified":"2026-02-20T20:21:12","modified_gmt":"2026-02-20T20:21:12","slug":"barre-de-specialite-fromagere-el-moutamayez-14kg","status":"publish","type":"product","link":"https:\/\/superette-dz.com\/ar\/product\/barre-de-specialite-fromagere-el-moutamayez-14kg\/","title":{"rendered":"Barre de sp\u00e9cialit\u00e9 fromag\u00e8re El Moutamayez 1,4kg"},"content":{"rendered":"","protected":false},"excerpt":{"rendered":"","protected":false},"featured_media":4701,"comment_status":"open","ping_status":"closed","template":"","meta":[],"product_brand":[],"product_cat":[153],"product_tag":[],"class_list":{"0":"post-4702","1":"product","2":"type-product","3":"status-publish","4":"has-post-thumbnail","6":"product_cat-fromages","8":"first","9":"outofstock","10":"shipping-taxable","11":"purchasable","12":"product-type-simple"},"jetpack_sharing_enabled":true,"_links":{"self":[{"href":"https:\/\/superette-dz.com\/ar\/wp-json\/wp\/v2\/product\/4702","targetHints":{"allow":["GET"]}}],"collection":[{"href":"https:\/\/superette-dz.com\/ar\/wp-json\/wp\/v2\/product"}],"about":[{"href":"https:\/\/superette-dz.com\/ar\/wp-json\/wp\/v2\/types\/product"}],"replies":[{"embeddable":true,"href":"https:\/\/superette-dz.com\/ar\/wp-json\/wp\/v2\/comments?post=4702"}],"wp:featuredmedia":[{"embeddable":true,"href":"https:\/\/superette-dz.com\/ar\/wp-json\/wp\/v2\/media\/4701"}],"wp:attachment":[{"href":"https:\/\/superette-dz.com\/ar\/wp-json\/wp\/v2\/media?parent=4702"}],"wp:term":[{"taxonomy":"product_brand","embeddable":true,"href":"https:\/\/superette-dz.com\/ar\/wp-json\/wp\/v2\/product_brand?post=4702"},{"taxonomy":"product_cat","embeddable":true,"href":"https:\/\/superette-dz.com\/ar\/wp-json\/wp\/v2\/product_cat?post=4702"},{"taxonomy":"product_tag","embeddable":true,"href":"https:\/\/superette-dz.com\/ar\/wp-json\/wp\/v2\/product_tag?post=4702"}],"curies":[{"name":"wp","href":"https:\/\/api.w.org\/{rel}","templated":true}]}}