{"id":5683,"date":"2026-02-21T09:52:44","date_gmt":"2026-02-21T09:52:44","guid":{"rendered":"https:\/\/superette-dz.com\/product\/cafetiere-electrique-a-filtre-moulinex-soleil-1000w-ivoire\/"},"modified":"2026-02-21T09:52:44","modified_gmt":"2026-02-21T09:52:44","slug":"cafetiere-electrique-a-filtre-moulinex-soleil-1000w-ivoire","status":"publish","type":"product","link":"https:\/\/superette-dz.com\/ar\/product\/cafetiere-electrique-a-filtre-moulinex-soleil-1000w-ivoire\/","title":{"rendered":"Cafeti\u00e8re \u00e9lectrique \u00e0 filtre Moulinex Soleil \u2013 1000W \u2013 Ivoire"},"content":{"rendered":"","protected":false},"excerpt":{"rendered":"","protected":false},"featured_media":5682,"comment_status":"open","ping_status":"closed","template":"","meta":[],"product_brand":[],"product_cat":[186],"product_tag":[],"class_list":{"0":"post-5683","1":"product","2":"type-product","3":"status-publish","4":"has-post-thumbnail","6":"product_cat-electromenagers","8":"first","9":"outofstock","10":"shipping-taxable","11":"purchasable","12":"product-type-simple"},"jetpack_sharing_enabled":true,"_links":{"self":[{"href":"https:\/\/superette-dz.com\/ar\/wp-json\/wp\/v2\/product\/5683","targetHints":{"allow":["GET"]}}],"collection":[{"href":"https:\/\/superette-dz.com\/ar\/wp-json\/wp\/v2\/product"}],"about":[{"href":"https:\/\/superette-dz.com\/ar\/wp-json\/wp\/v2\/types\/product"}],"replies":[{"embeddable":true,"href":"https:\/\/superette-dz.com\/ar\/wp-json\/wp\/v2\/comments?post=5683"}],"wp:featuredmedia":[{"embeddable":true,"href":"https:\/\/superette-dz.com\/ar\/wp-json\/wp\/v2\/media\/5682"}],"wp:attachment":[{"href":"https:\/\/superette-dz.com\/ar\/wp-json\/wp\/v2\/media?parent=5683"}],"wp:term":[{"taxonomy":"product_brand","embeddable":true,"href":"https:\/\/superette-dz.com\/ar\/wp-json\/wp\/v2\/product_brand?post=5683"},{"taxonomy":"product_cat","embeddable":true,"href":"https:\/\/superette-dz.com\/ar\/wp-json\/wp\/v2\/product_cat?post=5683"},{"taxonomy":"product_tag","embeddable":true,"href":"https:\/\/superette-dz.com\/ar\/wp-json\/wp\/v2\/product_tag?post=5683"}],"curies":[{"name":"wp","href":"https:\/\/api.w.org\/{rel}","templated":true}]}}