{"id":5884,"date":"2026-02-22T20:57:52","date_gmt":"2026-02-22T20:57:52","guid":{"rendered":"https:\/\/superette-dz.com\/product\/the-vert-flecha-qualite-classique-200g\/"},"modified":"2026-02-22T20:57:52","modified_gmt":"2026-02-22T20:57:52","slug":"the-vert-flecha-qualite-classique-200g","status":"publish","type":"product","link":"https:\/\/superette-dz.com\/ar\/product\/the-vert-flecha-qualite-classique-200g\/","title":{"rendered":"Th\u00e9 Vert Fl\u00e9cha Qualit\u00e9 Classique 200g"},"content":{"rendered":"","protected":false},"excerpt":{"rendered":"","protected":false},"featured_media":5883,"comment_status":"open","ping_status":"closed","template":"","meta":[],"product_brand":[],"product_cat":[212],"product_tag":[],"class_list":{"0":"post-5884","1":"product","2":"type-product","3":"status-publish","4":"has-post-thumbnail","6":"product_cat-epices-et-herbes","8":"first","9":"outofstock","10":"shipping-taxable","11":"purchasable","12":"product-type-simple"},"jetpack_sharing_enabled":true,"_links":{"self":[{"href":"https:\/\/superette-dz.com\/ar\/wp-json\/wp\/v2\/product\/5884","targetHints":{"allow":["GET"]}}],"collection":[{"href":"https:\/\/superette-dz.com\/ar\/wp-json\/wp\/v2\/product"}],"about":[{"href":"https:\/\/superette-dz.com\/ar\/wp-json\/wp\/v2\/types\/product"}],"replies":[{"embeddable":true,"href":"https:\/\/superette-dz.com\/ar\/wp-json\/wp\/v2\/comments?post=5884"}],"wp:featuredmedia":[{"embeddable":true,"href":"https:\/\/superette-dz.com\/ar\/wp-json\/wp\/v2\/media\/5883"}],"wp:attachment":[{"href":"https:\/\/superette-dz.com\/ar\/wp-json\/wp\/v2\/media?parent=5884"}],"wp:term":[{"taxonomy":"product_brand","embeddable":true,"href":"https:\/\/superette-dz.com\/ar\/wp-json\/wp\/v2\/product_brand?post=5884"},{"taxonomy":"product_cat","embeddable":true,"href":"https:\/\/superette-dz.com\/ar\/wp-json\/wp\/v2\/product_cat?post=5884"},{"taxonomy":"product_tag","embeddable":true,"href":"https:\/\/superette-dz.com\/ar\/wp-json\/wp\/v2\/product_tag?post=5884"}],"curies":[{"name":"wp","href":"https:\/\/api.w.org\/{rel}","templated":true}]}}